{"id":91,"date":"2023-05-24T04:42:25","date_gmt":"2023-05-24T04:42:25","guid":{"rendered":"http:\/\/oitsjrk.cluster100.hosting.ovh.net\/photos\/"},"modified":"2023-12-11T05:29:59","modified_gmt":"2023-12-11T05:29:59","slug":"photos","status":"publish","type":"page","link":"https:\/\/villa-masanelli.com\/fr\/photos\/","title":{"rendered":"Photos"},"content":{"rendered":"\n<p>D\u00e9couvrez un \u00e9den au c\u0153ur du domaine tr\u00e8s priv\u00e9 de Punta d\u2019Oro. A quelques encablures des superbes plages de Palombaggia et Santa Giulia, la Villa Masanelli se situe sur l\u2019une des plus belles adresses qui soient en Corse du Sud. Cette villa d\u2019inspiration contemporaine de 500 m2 domine un environnement naturel somptueux o\u00f9 la vue embrasse mer et les cotes de la Sardaigne avec le m\u00eame bonheur. Elle accueille jusqu\u2019\u00e0 10 personnes et offre tout le confort et les prestations que vous \u00eates en droit d\u2019attendre pour un s\u00e9jour d\u2019exception dans l\u2019Ile de Beaut\u00e9.<\/p>\n\n\n\n<p><\/p>\n","protected":false},"excerpt":{"rendered":"<p>D\u00e9couvrez un \u00e9den au c\u0153ur du domaine tr\u00e8s priv\u00e9 de Punta d\u2019Oro. A quelques encablures des superbes plages de Palombaggia et Santa Giulia, la Villa Masanelli se situe sur l\u2019une des plus belles adresses qui soient en Corse du Sud. Cette villa d\u2019inspiration contemporaine de 500 m2 domine un environnement naturel somptueux o\u00f9 la vue [&hellip;]<\/p>\n","protected":false},"author":1,"featured_media":0,"parent":0,"menu_order":0,"comment_status":"closed","ping_status":"closed","template":"","meta":{"_acf_changed":false,"_seopress_robots_primary_cat":"","_seopress_titles_title":"","_seopress_titles_desc":"","_seopress_robots_index":"","footnotes":""},"class_list":["post-91","page","type-page","status-publish","hentry"],"acf":[],"_links":{"self":[{"href":"https:\/\/villa-masanelli.com\/fr\/wp-json\/wp\/v2\/pages\/91","targetHints":{"allow":["GET"]}}],"collection":[{"href":"https:\/\/villa-masanelli.com\/fr\/wp-json\/wp\/v2\/pages"}],"about":[{"href":"https:\/\/villa-masanelli.com\/fr\/wp-json\/wp\/v2\/types\/page"}],"author":[{"embeddable":true,"href":"https:\/\/villa-masanelli.com\/fr\/wp-json\/wp\/v2\/users\/1"}],"replies":[{"embeddable":true,"href":"https:\/\/villa-masanelli.com\/fr\/wp-json\/wp\/v2\/comments?post=91"}],"version-history":[{"count":9,"href":"https:\/\/villa-masanelli.com\/fr\/wp-json\/wp\/v2\/pages\/91\/revisions"}],"predecessor-version":[{"id":307,"href":"https:\/\/villa-masanelli.com\/fr\/wp-json\/wp\/v2\/pages\/91\/revisions\/307"}],"wp:attachment":[{"href":"https:\/\/villa-masanelli.com\/fr\/wp-json\/wp\/v2\/media?parent=91"}],"curies":[{"name":"wp","href":"https:\/\/api.w.org\/{rel}","templated":true}]}}